{"id":6012,"date":"2026-02-17T11:16:47","date_gmt":"2026-02-17T10:16:47","guid":{"rendered":"https:\/\/www.obec-svetec.cz\/w\/?page_id=6012"},"modified":"2026-03-18T14:43:33","modified_gmt":"2026-03-18T13:43:33","slug":"chotejovice-prasnost-hlucnost-2026","status":"publish","type":"page","link":"https:\/\/www.obec-svetec.cz\/w\/chotejovice-prasnost-hlucnost-2026\/","title":{"rendered":"Chot\u011bjovice \u2013 pra\u0161nost, hlu\u010dnost 2026"},"content":{"rendered":"\n<p><\/p>\n\n\n\n<figure class=\"wp-block-table aligncenter is-style-stripes\"><table class=\"has-background\" style=\"background-color:#e9fbe5\"><tbody><tr><td class=\"has-text-align-center\" data-align=\"center\"><span style=\"text-decoration: underline;\"><a href=\"https:\/\/www.obec-svetec.cz\/w\/wp-content\/uploads\/2026\/03\/h2.doc\">Zpr\u00e1va o m\u011b\u0159en\u00ed hluku \u2013 \u00fanor<\/a><\/span><\/td><\/tr><tr><td class=\"has-text-align-center\" data-align=\"center\"><span style=\"text-decoration: underline;\"><a href=\"https:\/\/www.obec-svetec.cz\/w\/wp-content\/uploads\/2026\/03\/p2.doc\">Zpr\u00e1va o m\u011b\u0159en\u00ed pra\u0161nosti \u2013 \u00fanor<\/a><\/span><\/td><\/tr><tr><td class=\"has-text-align-center\" data-align=\"center\"><span style=\"text-decoration: underline;\"><a href=\"https:\/\/www.obec-svetec.cz\/w\/wp-content\/uploads\/2026\/02\/h01.doc\">Zpr\u00e1va o m\u011b\u0159en\u00ed hluku \u2013 leden<\/a><\/span><\/td><\/tr><tr><td class=\"has-text-align-center\" data-align=\"center\"><span style=\"text-decoration: underline;\"><a href=\"https:\/\/www.obec-svetec.cz\/w\/wp-content\/uploads\/2026\/02\/p01.doc\">Zpr\u00e1va o m\u011b\u0159en\u00ed pra\u0161nosti \u2013 leden<\/a><\/span><\/td><\/tr><tr><td class=\"has-text-align-center\" data-align=\"center\"><span style=\"text-decoration: underline;\"><a href=\"https:\/\/www.obec-svetec.cz\/w\/chotejovice-prasnost-hlucnost-2024\/\">Zpr\u00e1vy o m\u011b\u0159en\u00ed \u2013 rok 2025<\/a><\/span><\/td><\/tr><\/tbody><\/table><\/figure>\n","protected":false},"excerpt":{"rendered":"<p>Zpr\u00e1va o m\u011b\u0159en\u00ed hluku \u2013 \u00fanor Zpr\u00e1va o m\u011b\u0159en\u00ed pra\u0161nosti \u2013 \u00fanor Zpr\u00e1va o m\u011b\u0159en\u00ed hluku \u2013 leden Zpr\u00e1va o m\u011b\u0159en\u00ed pra\u0161nosti \u2013 leden Zpr\u00e1vy o m\u011b\u0159en\u00ed \u2013 rok 2025<\/p>\n","protected":false},"author":1,"featured_media":0,"parent":0,"menu_order":0,"comment_status":"closed","ping_status":"closed","template":"","meta":{"footnotes":""},"class_list":["post-6012","page","type-page","status-publish","hentry"],"_links":{"self":[{"href":"https:\/\/www.obec-svetec.cz\/w\/wp-json\/wp\/v2\/pages\/6012","targetHints":{"allow":["GET"]}}],"collection":[{"href":"https:\/\/www.obec-svetec.cz\/w\/wp-json\/wp\/v2\/pages"}],"about":[{"href":"https:\/\/www.obec-svetec.cz\/w\/wp-json\/wp\/v2\/types\/page"}],"author":[{"embeddable":true,"href":"https:\/\/www.obec-svetec.cz\/w\/wp-json\/wp\/v2\/users\/1"}],"replies":[{"embeddable":true,"href":"https:\/\/www.obec-svetec.cz\/w\/wp-json\/wp\/v2\/comments?post=6012"}],"version-history":[{"count":3,"href":"https:\/\/www.obec-svetec.cz\/w\/wp-json\/wp\/v2\/pages\/6012\/revisions"}],"predecessor-version":[{"id":6070,"href":"https:\/\/www.obec-svetec.cz\/w\/wp-json\/wp\/v2\/pages\/6012\/revisions\/6070"}],"wp:attachment":[{"href":"https:\/\/www.obec-svetec.cz\/w\/wp-json\/wp\/v2\/media?parent=6012"}],"curies":[{"name":"wp","href":"https:\/\/api.w.org\/{rel}","templated":true}]}}