{"id":5030,"date":"2025-02-19T11:33:00","date_gmt":"2025-02-19T10:33:00","guid":{"rendered":"https:\/\/www.obec-svetec.cz\/w\/?page_id=5030"},"modified":"2026-01-20T16:22:10","modified_gmt":"2026-01-20T15:22:10","slug":"chotejovice-prasnost-hlucnost-2025","status":"publish","type":"page","link":"https:\/\/www.obec-svetec.cz\/w\/chotejovice-prasnost-hlucnost-2025\/","title":{"rendered":"Chot\u011bjovice \u2013 pra\u0161nost, hlu\u010dnost 2025"},"content":{"rendered":"\n<p><\/p>\n\n\n\n<figure class=\"wp-block-table aligncenter is-style-stripes\"><table class=\"has-background\" style=\"background-color:#e9fbe5\"><tbody><tr><td class=\"has-text-align-center\" data-align=\"center\"><span style=\"text-decoration: underline;\"><a href=\"https:\/\/www.obec-svetec.cz\/w\/wp-content\/uploads\/2026\/01\/h12.doc\">Zpr\u00e1va o m\u011b\u0159en\u00ed hluku \u2013 prosinec<\/a><\/span><\/td><\/tr><tr><td class=\"has-text-align-center\" data-align=\"center\"><span style=\"text-decoration: underline;\"><a href=\"https:\/\/www.obec-svetec.cz\/w\/wp-content\/uploads\/2026\/01\/p12.doc\">Zpr\u00e1va o m\u011b\u0159en\u00ed pra\u0161nosti \u2013 prosinec<\/a><\/span><\/td><\/tr><tr><td class=\"has-text-align-center\" data-align=\"center\"><span style=\"text-decoration: underline;\"><a href=\"https:\/\/www.obec-svetec.cz\/w\/wp-content\/uploads\/2025\/12\/h11.doc\">Zpr\u00e1va o m\u011b\u0159en\u00ed hluku \u2013 listopad<\/a><\/span><\/td><\/tr><tr><td class=\"has-text-align-center\" data-align=\"center\"><span style=\"text-decoration: underline;\"><a href=\"https:\/\/www.obec-svetec.cz\/w\/wp-content\/uploads\/2025\/12\/p11.doc\">Zpr\u00e1va o m\u011b\u0159en\u00ed pra\u0161nosti \u2013 listopad<\/a><\/span><\/td><\/tr><tr><td class=\"has-text-align-center\" data-align=\"center\"><span style=\"text-decoration: underline;\"><a href=\"https:\/\/www.obec-svetec.cz\/w\/wp-content\/uploads\/2025\/11\/h10.doc\">Zpr\u00e1va o m\u011b\u0159en\u00ed hluku \u2013 \u0159\u00edjen<\/a><\/span><\/td><\/tr><tr><td class=\"has-text-align-center\" data-align=\"center\"><span style=\"text-decoration: underline;\"><a href=\"https:\/\/www.obec-svetec.cz\/w\/wp-content\/uploads\/2025\/11\/p10.doc\">Zpr\u00e1va o m\u011b\u0159en\u00ed pra\u0161nosti \u2013 \u0159\u00edjen<\/a><\/span><\/td><\/tr><tr><td class=\"has-text-align-center\" data-align=\"center\"><span style=\"text-decoration: underline;\"><a href=\"https:\/\/www.obec-svetec.cz\/w\/wp-content\/uploads\/2025\/10\/h9.doc\">Zpr\u00e1va o m\u011b\u0159en\u00ed hluku \u2013 z\u00e1\u0159\u00ed<\/a><\/span><\/td><\/tr><tr><td class=\"has-text-align-center\" data-align=\"center\"><span style=\"text-decoration: underline;\"><a href=\"https:\/\/www.obec-svetec.cz\/w\/wp-content\/uploads\/2025\/10\/p9.doc\">Zpr\u00e1va o m\u011b\u0159en\u00ed pra\u0161nosti \u2013 z\u00e1\u0159\u00ed<\/a><\/span><\/td><\/tr><tr><td class=\"has-text-align-center\" data-align=\"center\"><span style=\"text-decoration: underline;\"><a href=\"https:\/\/www.obec-svetec.cz\/w\/wp-content\/uploads\/2025\/09\/h8.doc\">Zpr\u00e1va o m\u011b\u0159en\u00ed hluku \u2013 srpen<\/a><\/span><\/td><\/tr><tr><td class=\"has-text-align-center\" data-align=\"center\"><span style=\"text-decoration: underline;\"><a href=\"https:\/\/www.obec-svetec.cz\/w\/wp-content\/uploads\/2025\/09\/p8.doc\">Zpr\u00e1va o m\u011b\u0159en\u00ed pra\u0161nosti \u2013 srpen<\/a><\/span><\/td><\/tr><tr><td class=\"has-text-align-center\" data-align=\"center\"><span style=\"text-decoration: underline;\"><a href=\"https:\/\/www.obec-svetec.cz\/w\/wp-content\/uploads\/2025\/08\/h7.doc\">Zpr\u00e1va o m\u011b\u0159en\u00ed hluku \u2013 \u010dervenec<\/a><\/span><\/td><\/tr><tr><td class=\"has-text-align-center\" data-align=\"center\"><span style=\"text-decoration: underline;\"><a href=\"https:\/\/www.obec-svetec.cz\/w\/wp-content\/uploads\/2025\/08\/p7.doc\">Zpr\u00e1va o m\u011b\u0159en\u00ed pra\u0161nosti \u2013 \u010dervenec<\/a><\/span><\/td><\/tr><tr><td class=\"has-text-align-center\" data-align=\"center\"><span style=\"text-decoration: underline;\"><a href=\"https:\/\/www.obec-svetec.cz\/w\/wp-content\/uploads\/2025\/07\/h6.doc\">Zpr\u00e1va o m\u011b\u0159en\u00ed hluku \u2013 \u010derven<\/a><\/span><\/td><\/tr><tr><td class=\"has-text-align-center\" data-align=\"center\"><span style=\"text-decoration: underline;\"><a href=\"https:\/\/www.obec-svetec.cz\/w\/wp-content\/uploads\/2025\/07\/p6.doc\">Zpr\u00e1va o m\u011b\u0159en\u00ed pra\u0161nosti \u2013 \u010derven<\/a><\/span><\/td><\/tr><tr><td class=\"has-text-align-center\" data-align=\"center\"><span style=\"text-decoration: underline;\"><a href=\"https:\/\/www.obec-svetec.cz\/w\/wp-content\/uploads\/2025\/06\/h5.doc\">Zpr\u00e1va o m\u011b\u0159en\u00ed hluku \u2013 kv\u011bten<\/a><\/span><\/td><\/tr><tr><td class=\"has-text-align-center\" data-align=\"center\"><span style=\"text-decoration: underline;\"><a href=\"https:\/\/www.obec-svetec.cz\/w\/wp-content\/uploads\/2025\/06\/p5.doc\">Zpr\u00e1va o m\u011b\u0159en\u00ed pra\u0161nosti \u2013 kv\u011bten<\/a><\/span><\/td><\/tr><tr><td class=\"has-text-align-center\" data-align=\"center\"><span style=\"text-decoration: underline;\"><a href=\"https:\/\/www.obec-svetec.cz\/w\/wp-content\/uploads\/2025\/05\/h4.doc\">Zpr\u00e1va o m\u011b\u0159en\u00ed hluku \u2013 duben<\/a><\/span><\/td><\/tr><tr><td class=\"has-text-align-center\" data-align=\"center\"><span style=\"text-decoration: underline;\"><a href=\"https:\/\/www.obec-svetec.cz\/w\/wp-content\/uploads\/2025\/05\/p4.doc\">Zpr\u00e1va o m\u011b\u0159en\u00ed pra\u0161nosti \u2013 duben<\/a><\/span><\/td><\/tr><tr><td class=\"has-text-align-center\" data-align=\"center\"><span style=\"text-decoration: underline;\"><a href=\"https:\/\/www.obec-svetec.cz\/w\/wp-content\/uploads\/2025\/04\/h2.doc\">Zpr\u00e1va o m\u011b\u0159en\u00ed hluku \u2013 b\u0159ezen<\/a><\/span><\/td><\/tr><tr><td class=\"has-text-align-center\" data-align=\"center\"><span style=\"text-decoration: underline;\"><a href=\"https:\/\/www.obec-svetec.cz\/w\/wp-content\/uploads\/2025\/04\/p2.doc\">Zpr\u00e1va o m\u011b\u0159en\u00ed pra\u0161nosti \u2013 b\u0159ezen<\/a><\/span><\/td><\/tr><tr><td class=\"has-text-align-center\" data-align=\"center\"><span style=\"text-decoration: underline;\"><a href=\"https:\/\/www.obec-svetec.cz\/w\/wp-content\/uploads\/2025\/03\/h2.doc\">Zpr\u00e1va o m\u011b\u0159en\u00ed hluku \u2013 \u00fanor<\/a><\/span><\/td><\/tr><tr><td class=\"has-text-align-center\" data-align=\"center\"><span style=\"text-decoration: underline;\"><a href=\"https:\/\/www.obec-svetec.cz\/w\/wp-content\/uploads\/2025\/03\/p2.doc\">Zpr\u00e1va o m\u011b\u0159en\u00ed pra\u0161nosti \u2013 \u00fanor<\/a><\/span><\/td><\/tr><tr><td class=\"has-text-align-center\" data-align=\"center\"><span style=\"text-decoration: underline;\"><a href=\"https:\/\/www.obec-svetec.cz\/w\/wp-content\/uploads\/2025\/02\/h1.doc\">Zpr\u00e1va o m\u011b\u0159en\u00ed hluku \u2013 leden<\/a><\/span><\/td><\/tr><tr><td class=\"has-text-align-center\" data-align=\"center\"><span style=\"text-decoration: underline;\"><a href=\"https:\/\/www.obec-svetec.cz\/w\/wp-content\/uploads\/2025\/02\/p1.doc\">Zpr\u00e1va o m\u011b\u0159en\u00ed pra\u0161nosti \u2013 leden<\/a><\/span><\/td><\/tr><tr><td class=\"has-text-align-center\" data-align=\"center\"><span style=\"text-decoration: underline;\"><a href=\"https:\/\/www.obec-svetec.cz\/w\/chotejovice-prasnost-hlucnost-2024\/\">Zpr\u00e1vy o m\u011b\u0159en\u00ed \u2013 rok 2024<\/a><\/span><\/td><\/tr><\/tbody><\/table><\/figure>\n","protected":false},"excerpt":{"rendered":"<p>Zpr\u00e1va o m\u011b\u0159en\u00ed hluku \u2013 prosinec Zpr\u00e1va o m\u011b\u0159en\u00ed pra\u0161nosti \u2013 prosinec Zpr\u00e1va o m\u011b\u0159en\u00ed hluku \u2013 listopad Zpr\u00e1va o m\u011b\u0159en\u00ed pra\u0161nosti \u2013 listopad Zpr\u00e1va o m\u011b\u0159en\u00ed hluku \u2013 \u0159\u00edjen Zpr\u00e1va o m\u011b\u0159en\u00ed pra\u0161nosti \u2013 \u0159\u00edjen Zpr\u00e1va o m\u011b\u0159en\u00ed hluku \u2013 z\u00e1\u0159\u00ed Zpr\u00e1va o m\u011b\u0159en\u00ed pra\u0161nosti \u2013 z\u00e1\u0159\u00ed Zpr\u00e1va o m\u011b\u0159en\u00ed hluku \u2013 srpen Zpr\u00e1va [&hellip;]<\/p>\n","protected":false},"author":1,"featured_media":0,"parent":0,"menu_order":0,"comment_status":"closed","ping_status":"closed","template":"","meta":{"footnotes":""},"class_list":["post-5030","page","type-page","status-publish","hentry"],"_links":{"self":[{"href":"https:\/\/www.obec-svetec.cz\/w\/wp-json\/wp\/v2\/pages\/5030","targetHints":{"allow":["GET"]}}],"collection":[{"href":"https:\/\/www.obec-svetec.cz\/w\/wp-json\/wp\/v2\/pages"}],"about":[{"href":"https:\/\/www.obec-svetec.cz\/w\/wp-json\/wp\/v2\/types\/page"}],"author":[{"embeddable":true,"href":"https:\/\/www.obec-svetec.cz\/w\/wp-json\/wp\/v2\/users\/1"}],"replies":[{"embeddable":true,"href":"https:\/\/www.obec-svetec.cz\/w\/wp-json\/wp\/v2\/comments?post=5030"}],"version-history":[{"count":15,"href":"https:\/\/www.obec-svetec.cz\/w\/wp-json\/wp\/v2\/pages\/5030\/revisions"}],"predecessor-version":[{"id":5924,"href":"https:\/\/www.obec-svetec.cz\/w\/wp-json\/wp\/v2\/pages\/5030\/revisions\/5924"}],"wp:attachment":[{"href":"https:\/\/www.obec-svetec.cz\/w\/wp-json\/wp\/v2\/media?parent=5030"}],"curies":[{"name":"wp","href":"https:\/\/api.w.org\/{rel}","templated":true}]}}